{"id":11427,"date":"2021-08-19T12:23:19","date_gmt":"2021-08-19T09:23:19","guid":{"rendered":"https:\/\/evender.ee\/?page_id=11427"},"modified":"2021-08-19T12:23:19","modified_gmt":"2021-08-19T09:23:19","slug":"christmas-videos","status":"publish","type":"page","link":"https:\/\/www.evender.ee\/en\/lauasiinid-video\/","title":{"rendered":"Table rails"},"content":{"rendered":"<div style=\"width: 1020px;\" class=\"wp-video\"><!--[if lt IE 9]><script>document.createElement('video');<\/script><![endif]-->\n<video class=\"wp-video-shortcode\" id=\"video-11427-1\" width=\"1020\" height=\"574\" preload=\"metadata\" controls=\"controls\"><source type=\"video\/mp4\" src=\"https:\/\/evender.ee\/wp-content\/uploads\/2021\/08\/Lauad-2.mp4?_=1\" \/><a href=\"https:\/\/evender.ee\/wp-content\/uploads\/2021\/08\/Lauad-2.mp4\">https:\/\/evender.ee\/wp-content\/uploads\/2021\/08\/Lauad-2.mp4<\/a><\/video><\/div>\n","protected":false},"excerpt":{"rendered":"","protected":false},"author":3,"featured_media":0,"parent":0,"menu_order":0,"comment_status":"closed","ping_status":"closed","template":"","meta":{"footnotes":""},"yoast_head":"<!-- This site is optimized with the Yoast SEO plugin v23.9 - https:\/\/yoast.com\/wordpress\/plugins\/seo\/ -->\n<title>Lauasiinid | Evender<\/title>\n<meta name=\"robots\" content=\"index, follow, max-snippet:-1, max-image-preview:large, max-video-preview:-1\" \/>\n<link rel=\"canonical\" href=\"https:\/\/www.evender.ee\/en\/christmas-videos\/\" \/>\n<meta property=\"og:locale\" content=\"en_GB\" \/>\n<meta property=\"og:type\" content=\"article\" \/>\n<meta property=\"og:title\" content=\"Lauasiinid | Evender\" \/>\n<meta property=\"og:url\" content=\"https:\/\/www.evender.ee\/en\/christmas-videos\/\" \/>\n<meta property=\"og:site_name\" content=\"Evender\" \/>\n<meta property=\"article:publisher\" content=\"https:\/\/www.facebook.com\/evendernordic\" \/>\n<meta name=\"twitter:card\" content=\"summary_large_image\" \/>\n<script type=\"application\/ld+json\" class=\"yoast-schema-graph\">{\"@context\":\"https:\/\/schema.org\",\"@graph\":[{\"@type\":\"WebPage\",\"@id\":\"https:\/\/www.evender.ee\/lauasiinid-video\/\",\"url\":\"https:\/\/www.evender.ee\/lauasiinid-video\/\",\"name\":\"Lauasiinid | Evender\",\"isPartOf\":{\"@id\":\"https:\/\/www.evender.ee\/en\/#website\"},\"datePublished\":\"2021-08-19T09:23:19+00:00\",\"dateModified\":\"2021-08-19T09:23:19+00:00\",\"breadcrumb\":{\"@id\":\"https:\/\/www.evender.ee\/lauasiinid-video\/#breadcrumb\"},\"inLanguage\":\"en-GB\",\"potentialAction\":[{\"@type\":\"ReadAction\",\"target\":[\"https:\/\/www.evender.ee\/lauasiinid-video\/\"]}]},{\"@type\":\"BreadcrumbList\",\"@id\":\"https:\/\/www.evender.ee\/lauasiinid-video\/#breadcrumb\",\"itemListElement\":[{\"@type\":\"ListItem\",\"position\":1,\"name\":\"Home\",\"item\":\"https:\/\/www.evender.ee\/en\/\"},{\"@type\":\"ListItem\",\"position\":2,\"name\":\"Lauasiinid\"}]},{\"@type\":\"WebSite\",\"@id\":\"https:\/\/www.evender.ee\/en\/#website\",\"url\":\"https:\/\/www.evender.ee\/en\/\",\"name\":\"Evender\",\"description\":\"Evender on usaldusv\u00e4\u00e4rne partner, kui otsid m\u00f6\u00f6blifurnituuri, m\u00f6\u00f6blitarvikuid, k\u00f6\u00f6gifurnituuri v\u00f5i garderoobitarvikuid. Meie e-poest ja m\u00fc\u00fcgisaalist leiad k\u00f5rgekvaliteedilised furnituurilahendused nii m\u00f6\u00f6blitootjatele, eritellimusm\u00f6\u00f6bli valmistajatele kui ka eraklientidele\",\"publisher\":{\"@id\":\"https:\/\/www.evender.ee\/en\/#organization\"},\"alternateName\":\"M\u00f6\u00f6blifurnituur\",\"potentialAction\":[{\"@type\":\"SearchAction\",\"target\":{\"@type\":\"EntryPoint\",\"urlTemplate\":\"https:\/\/www.evender.ee\/en\/?s={search_term_string}\"},\"query-input\":{\"@type\":\"PropertyValueSpecification\",\"valueRequired\":true,\"valueName\":\"search_term_string\"}}],\"inLanguage\":\"en-GB\"},{\"@type\":\"Organization\",\"@id\":\"https:\/\/www.evender.ee\/en\/#organization\",\"name\":\"Evender\",\"alternateName\":\"Evender Nordic\",\"url\":\"https:\/\/www.evender.ee\/en\/\",\"logo\":{\"@type\":\"ImageObject\",\"inLanguage\":\"en-GB\",\"@id\":\"https:\/\/www.evender.ee\/en\/#\/schema\/logo\/image\/\",\"url\":\"https:\/\/evender.ee\/wp-content\/uploads\/2025\/11\/LOGO-RUUT.png\",\"contentUrl\":\"https:\/\/evender.ee\/wp-content\/uploads\/2025\/11\/LOGO-RUUT.png\",\"width\":250,\"height\":250,\"caption\":\"Evender\"},\"image\":{\"@id\":\"https:\/\/www.evender.ee\/en\/#\/schema\/logo\/image\/\"},\"sameAs\":[\"https:\/\/www.facebook.com\/evendernordic\"]}]}<\/script>\n<!-- \/ Yoast SEO plugin. -->","yoast_head_json":{"title":"Screwdrivers | Evender","robots":{"index":"index","follow":"follow","max-snippet":"max-snippet:-1","max-image-preview":"max-image-preview:large","max-video-preview":"max-video-preview:-1"},"canonical":"https:\/\/www.evender.ee\/en\/christmas-videos\/","og_locale":"en_GB","og_type":"article","og_title":"Lauasiinid | Evender","og_url":"https:\/\/www.evender.ee\/en\/christmas-videos\/","og_site_name":"Evender","article_publisher":"https:\/\/www.facebook.com\/evendernordic","twitter_card":"summary_large_image","schema":{"@context":"https:\/\/schema.org","@graph":[{"@type":"WebPage","@id":"https:\/\/www.evender.ee\/lauasiinid-video\/","url":"https:\/\/www.evender.ee\/lauasiinid-video\/","name":"Screwdrivers | Evender","isPartOf":{"@id":"https:\/\/www.evender.ee\/en\/#website"},"datePublished":"2021-08-19T09:23:19+00:00","dateModified":"2021-08-19T09:23:19+00:00","breadcrumb":{"@id":"https:\/\/www.evender.ee\/lauasiinid-video\/#breadcrumb"},"inLanguage":"en-GB","potentialAction":[{"@type":"ReadAction","target":["https:\/\/www.evender.ee\/lauasiinid-video\/"]}]},{"@type":"BreadcrumbList","@id":"https:\/\/www.evender.ee\/lauasiinid-video\/#breadcrumb","itemListElement":[{"@type":"ListItem","position":1,"name":"Home","item":"https:\/\/www.evender.ee\/en\/"},{"@type":"ListItem","position":2,"name":"Lauasiinid"}]},{"@type":"WebSite","@id":"https:\/\/www.evender.ee\/en\/#website","url":"https:\/\/www.evender.ee\/en\/","name":"Evender","description":"Evender is your reliable partner when you are looking for furniture veneer, furniture accessories, kitchen veneer or wardrobe accessories. In our e-shop and showroom you will find high quality veneer solutions for furniture manufacturers, custom furniture makers and private customers.","publisher":{"@id":"https:\/\/www.evender.ee\/en\/#organization"},"alternateName":"M\u00f6\u00f6blifurnituur","potentialAction":[{"@type":"SearchAction","target":{"@type":"EntryPoint","urlTemplate":"https:\/\/www.evender.ee\/en\/?s={search_term_string}"},"query-input":{"@type":"PropertyValueSpecification","valueRequired":true,"valueName":"search_term_string"}}],"inLanguage":"en-GB"},{"@type":"Organization","@id":"https:\/\/www.evender.ee\/en\/#organization","name":"Evender","alternateName":"Evender Nordic","url":"https:\/\/www.evender.ee\/en\/","logo":{"@type":"ImageObject","inLanguage":"en-GB","@id":"https:\/\/www.evender.ee\/en\/#\/schema\/logo\/image\/","url":"https:\/\/evender.ee\/wp-content\/uploads\/2025\/11\/LOGO-RUUT.png","contentUrl":"https:\/\/evender.ee\/wp-content\/uploads\/2025\/11\/LOGO-RUUT.png","width":250,"height":250,"caption":"Evender"},"image":{"@id":"https:\/\/www.evender.ee\/en\/#\/schema\/logo\/image\/"},"sameAs":["https:\/\/www.facebook.com\/evendernordic"]}]}},"_links":{"self":[{"href":"https:\/\/www.evender.ee\/en\/wp-json\/wp\/v2\/pages\/11427"}],"collection":[{"href":"https:\/\/www.evender.ee\/en\/wp-json\/wp\/v2\/pages"}],"about":[{"href":"https:\/\/www.evender.ee\/en\/wp-json\/wp\/v2\/types\/page"}],"author":[{"embeddable":true,"href":"https:\/\/www.evender.ee\/en\/wp-json\/wp\/v2\/users\/3"}],"replies":[{"embeddable":true,"href":"https:\/\/www.evender.ee\/en\/wp-json\/wp\/v2\/comments?post=11427"}],"version-history":[{"count":2,"href":"https:\/\/www.evender.ee\/en\/wp-json\/wp\/v2\/pages\/11427\/revisions"}],"predecessor-version":[{"id":11429,"href":"https:\/\/www.evender.ee\/en\/wp-json\/wp\/v2\/pages\/11427\/revisions\/11429"}],"wp:attachment":[{"href":"https:\/\/www.evender.ee\/en\/wp-json\/wp\/v2\/media?parent=11427"}],"curies":[{"name":"wp","href":"https:\/\/api.w.org\/{rel}","templated":true}]}}